{"id":934,"date":"2021-07-10T13:21:33","date_gmt":"2021-07-10T11:21:33","guid":{"rendered":"http:\/\/www.kio123.vf-web.fr\/?post_type=product&#038;p=934"},"modified":"2021-07-10T13:21:34","modified_gmt":"2021-07-10T11:21:34","slug":"pochette-a-savon","status":"publish","type":"product","link":"https:\/\/www.laiguilledesha.com\/index.php\/produit\/pochette-a-savon\/","title":{"rendered":"Pochette \u00e0 savon"},"content":{"rendered":"<div>Parfait pour diminuer le gaspillage des bouteilles en plastique des gels douche ou des emballages plastique et jetables<\/div>\n<div>Elles peuvent servir pour un autre usage bien s\u00fbr, comme pour vos SHL, masques de protections, d\u00e9odorants solide, petites pochettes \u00e0 mettre dans le sac \u00e0 main, etc<\/div>\n<div>Fermeture par bouton pression<\/div>\n","protected":false},"excerpt":{"rendered":"<p>Pochette \u00e0 savon imperm\u00e9ables et lavables, id\u00e9al lorsque vous utiliser du savon ou shampooing solide \ud83c\udf3a<\/p>\n","protected":false},"featured_media":935,"comment_status":"open","ping_status":"closed","template":"","meta":[],"product_cat":[23],"product_tag":[],"_links":{"self":[{"href":"https:\/\/www.laiguilledesha.com\/index.php\/wp-json\/wp\/v2\/product\/934"}],"collection":[{"href":"https:\/\/www.laiguilledesha.com\/index.php\/wp-json\/wp\/v2\/product"}],"about":[{"href":"https:\/\/www.laiguilledesha.com\/index.php\/wp-json\/wp\/v2\/types\/product"}],"replies":[{"embeddable":true,"href":"https:\/\/www.laiguilledesha.com\/index.php\/wp-json\/wp\/v2\/comments?post=934"}],"wp:featuredmedia":[{"embeddable":true,"href":"https:\/\/www.laiguilledesha.com\/index.php\/wp-json\/wp\/v2\/media\/935"}],"wp:attachment":[{"href":"https:\/\/www.laiguilledesha.com\/index.php\/wp-json\/wp\/v2\/media?parent=934"}],"wp:term":[{"taxonomy":"product_cat","embeddable":true,"href":"https:\/\/www.laiguilledesha.com\/index.php\/wp-json\/wp\/v2\/product_cat?post=934"},{"taxonomy":"product_tag","embeddable":true,"href":"https:\/\/www.laiguilledesha.com\/index.php\/wp-json\/wp\/v2\/product_tag?post=934"}],"curies":[{"name":"wp","href":"https:\/\/api.w.org\/{rel}","templated":true}]}}