{"id":913,"date":"2021-07-10T13:15:08","date_gmt":"2021-07-10T11:15:08","guid":{"rendered":"http:\/\/www.kio123.vf-web.fr\/?post_type=product&#038;p=913"},"modified":"2021-07-10T13:15:08","modified_gmt":"2021-07-10T11:15:08","slug":"lingettes-et-pochette","status":"publish","type":"product","link":"https:\/\/www.laiguilledesha.com\/index.php\/produit\/lingettes-et-pochette\/","title":{"rendered":"Lingettes et pochette"},"content":{"rendered":"<p>Lot de 5 lingettes d\u00e9maquillantes lavable accompagn\u00e9es de sa pochette \u00e0 rabat pour ranger vos lingettes, SHL, et tout autres accessoires&#8230;<\/p>\n","protected":false},"excerpt":{"rendered":"<p>Elle se glissera parfaitement dans votre sac \u00e0 main mais aussi dans votre trousse de toilette \ud83c\udf38<\/p>\n","protected":false},"featured_media":914,"comment_status":"open","ping_status":"closed","template":"","meta":[],"product_cat":[23],"product_tag":[],"_links":{"self":[{"href":"https:\/\/www.laiguilledesha.com\/index.php\/wp-json\/wp\/v2\/product\/913"}],"collection":[{"href":"https:\/\/www.laiguilledesha.com\/index.php\/wp-json\/wp\/v2\/product"}],"about":[{"href":"https:\/\/www.laiguilledesha.com\/index.php\/wp-json\/wp\/v2\/types\/product"}],"replies":[{"embeddable":true,"href":"https:\/\/www.laiguilledesha.com\/index.php\/wp-json\/wp\/v2\/comments?post=913"}],"wp:featuredmedia":[{"embeddable":true,"href":"https:\/\/www.laiguilledesha.com\/index.php\/wp-json\/wp\/v2\/media\/914"}],"wp:attachment":[{"href":"https:\/\/www.laiguilledesha.com\/index.php\/wp-json\/wp\/v2\/media?parent=913"}],"wp:term":[{"taxonomy":"product_cat","embeddable":true,"href":"https:\/\/www.laiguilledesha.com\/index.php\/wp-json\/wp\/v2\/product_cat?post=913"},{"taxonomy":"product_tag","embeddable":true,"href":"https:\/\/www.laiguilledesha.com\/index.php\/wp-json\/wp\/v2\/product_tag?post=913"}],"curies":[{"name":"wp","href":"https:\/\/api.w.org\/{rel}","templated":true}]}}