{"id":911,"date":"2021-07-10T13:13:47","date_gmt":"2021-07-10T11:13:47","guid":{"rendered":"http:\/\/www.kio123.vf-web.fr\/?post_type=product&#038;p=911"},"modified":"2021-07-10T13:13:48","modified_gmt":"2021-07-10T11:13:48","slug":"lingette-demaquillante","status":"publish","type":"product","link":"https:\/\/www.laiguilledesha.com\/index.php\/produit\/lingette-demaquillante\/","title":{"rendered":"Lingette d\u00e9maquillante"},"content":{"rendered":"<div>Lingettes d\u00e9maquillantes lavable et r\u00e9utilisable de 8x8cm ultra douce et adapt\u00e9 aux peaux les plus d\u00e9licates<\/div>\n<div>Limite l\u2019utilisation des cotons jetable<\/div>\n","protected":false},"excerpt":{"rendered":"<p>Vendu par lot de 5 lingettes<\/p>\n","protected":false},"featured_media":912,"comment_status":"open","ping_status":"closed","template":"","meta":[],"product_cat":[23],"product_tag":[],"_links":{"self":[{"href":"https:\/\/www.laiguilledesha.com\/index.php\/wp-json\/wp\/v2\/product\/911"}],"collection":[{"href":"https:\/\/www.laiguilledesha.com\/index.php\/wp-json\/wp\/v2\/product"}],"about":[{"href":"https:\/\/www.laiguilledesha.com\/index.php\/wp-json\/wp\/v2\/types\/product"}],"replies":[{"embeddable":true,"href":"https:\/\/www.laiguilledesha.com\/index.php\/wp-json\/wp\/v2\/comments?post=911"}],"wp:featuredmedia":[{"embeddable":true,"href":"https:\/\/www.laiguilledesha.com\/index.php\/wp-json\/wp\/v2\/media\/912"}],"wp:attachment":[{"href":"https:\/\/www.laiguilledesha.com\/index.php\/wp-json\/wp\/v2\/media?parent=911"}],"wp:term":[{"taxonomy":"product_cat","embeddable":true,"href":"https:\/\/www.laiguilledesha.com\/index.php\/wp-json\/wp\/v2\/product_cat?post=911"},{"taxonomy":"product_tag","embeddable":true,"href":"https:\/\/www.laiguilledesha.com\/index.php\/wp-json\/wp\/v2\/product_tag?post=911"}],"curies":[{"name":"wp","href":"https:\/\/api.w.org\/{rel}","templated":true}]}}