{"id":904,"date":"2021-07-10T13:11:55","date_gmt":"2021-07-10T11:11:55","guid":{"rendered":"http:\/\/www.kio123.vf-web.fr\/?post_type=product&#038;p=904"},"modified":"2021-07-10T13:11:55","modified_gmt":"2021-07-10T11:11:55","slug":"lingettes-double-face","status":"publish","type":"product","link":"https:\/\/www.laiguilledesha.com\/index.php\/produit\/lingettes-double-face\/","title":{"rendered":"Lingettes double-face"},"content":{"rendered":"<p>Ultra douce elles s&#8217;adapteront \u00e0 tout type de peau m\u00eame les plus d\u00e9licates<\/p>\n","protected":false},"excerpt":{"rendered":"<p>Lot de 8\u00a0lingettes double face de 8cm rang\u00e9es dans leur petit panier<\/p>\n","protected":false},"featured_media":905,"comment_status":"open","ping_status":"closed","template":"","meta":[],"product_cat":[23],"product_tag":[],"_links":{"self":[{"href":"https:\/\/www.laiguilledesha.com\/index.php\/wp-json\/wp\/v2\/product\/904"}],"collection":[{"href":"https:\/\/www.laiguilledesha.com\/index.php\/wp-json\/wp\/v2\/product"}],"about":[{"href":"https:\/\/www.laiguilledesha.com\/index.php\/wp-json\/wp\/v2\/types\/product"}],"replies":[{"embeddable":true,"href":"https:\/\/www.laiguilledesha.com\/index.php\/wp-json\/wp\/v2\/comments?post=904"}],"wp:featuredmedia":[{"embeddable":true,"href":"https:\/\/www.laiguilledesha.com\/index.php\/wp-json\/wp\/v2\/media\/905"}],"wp:attachment":[{"href":"https:\/\/www.laiguilledesha.com\/index.php\/wp-json\/wp\/v2\/media?parent=904"}],"wp:term":[{"taxonomy":"product_cat","embeddable":true,"href":"https:\/\/www.laiguilledesha.com\/index.php\/wp-json\/wp\/v2\/product_cat?post=904"},{"taxonomy":"product_tag","embeddable":true,"href":"https:\/\/www.laiguilledesha.com\/index.php\/wp-json\/wp\/v2\/product_tag?post=904"}],"curies":[{"name":"wp","href":"https:\/\/api.w.org\/{rel}","templated":true}]}}