{"id":858,"date":"2021-07-10T11:49:37","date_gmt":"2021-07-10T09:49:37","guid":{"rendered":"http:\/\/www.kio123.vf-web.fr\/?post_type=product&#038;p=858"},"modified":"2021-07-10T11:49:38","modified_gmt":"2021-07-10T09:49:38","slug":"bonnet-de-soin-et-bandeau-de-soin","status":"publish","type":"product","link":"https:\/\/www.laiguilledesha.com\/index.php\/produit\/bonnet-de-soin-et-bandeau-de-soin\/","title":{"rendered":"Bonnet de soin et bandeau de soin"},"content":{"rendered":"<p>Il est imperm\u00e9able, lavable et r\u00e9utilisable et sera parfait pour vos henn\u00e9s, soins, bain d\u2019huile mais aussi simplement pour ne pas mouiller vos cheveux lors de la douche \ud83c\udf38<\/p>\n<p>Adapt\u00e9 aux cheveux long comme au cheveux court<\/p>\n","protected":false},"excerpt":{"rendered":"<p>Le bonnet de soin\u00a0est id\u00e9al pour en finir avec le cellophane ou les charlottes en plastique jetable pendant vos soins.<\/p>\n","protected":false},"featured_media":859,"comment_status":"open","ping_status":"closed","template":"","meta":[],"product_cat":[23],"product_tag":[],"_links":{"self":[{"href":"https:\/\/www.laiguilledesha.com\/index.php\/wp-json\/wp\/v2\/product\/858"}],"collection":[{"href":"https:\/\/www.laiguilledesha.com\/index.php\/wp-json\/wp\/v2\/product"}],"about":[{"href":"https:\/\/www.laiguilledesha.com\/index.php\/wp-json\/wp\/v2\/types\/product"}],"replies":[{"embeddable":true,"href":"https:\/\/www.laiguilledesha.com\/index.php\/wp-json\/wp\/v2\/comments?post=858"}],"wp:featuredmedia":[{"embeddable":true,"href":"https:\/\/www.laiguilledesha.com\/index.php\/wp-json\/wp\/v2\/media\/859"}],"wp:attachment":[{"href":"https:\/\/www.laiguilledesha.com\/index.php\/wp-json\/wp\/v2\/media?parent=858"}],"wp:term":[{"taxonomy":"product_cat","embeddable":true,"href":"https:\/\/www.laiguilledesha.com\/index.php\/wp-json\/wp\/v2\/product_cat?post=858"},{"taxonomy":"product_tag","embeddable":true,"href":"https:\/\/www.laiguilledesha.com\/index.php\/wp-json\/wp\/v2\/product_tag?post=858"}],"curies":[{"name":"wp","href":"https:\/\/api.w.org\/{rel}","templated":true}]}}