{"id":848,"date":"2021-07-10T11:45:13","date_gmt":"2021-07-10T09:45:13","guid":{"rendered":"http:\/\/www.kio123.vf-web.fr\/?post_type=product&#038;p=848"},"modified":"2021-07-10T11:45:14","modified_gmt":"2021-07-10T09:45:14","slug":"bonnet-de-soin","status":"publish","type":"product","link":"https:\/\/www.laiguilledesha.com\/index.php\/produit\/bonnet-de-soin\/","title":{"rendered":"Bonnet de soin"},"content":{"rendered":"<div>Id\u00e9al pour en finir avec le cellophane ou les charlottes en plastique jetable pendant vos soins.<\/div>\n<div>Ce bonnet de soin imperm\u00e9able, lavable et r\u00e9utilisable sera parfaite pour vos henn\u00e9, soins, bain d\u2019huile mais aussi simplement pour ne pas mouiller vos cheveux lors de la douche.<\/div>\n<div>Adapt\u00e9 aux cheveux long comme au cheveux court.<\/div>\n","protected":false},"excerpt":{"rendered":"<p>Moins de plastique dans la poubelle c\u2019est un geste \u00e9norme pour la plan\u00e8te \ud83c\udf0d<\/p>\n","protected":false},"featured_media":849,"comment_status":"open","ping_status":"closed","template":"","meta":[],"product_cat":[23],"product_tag":[],"_links":{"self":[{"href":"https:\/\/www.laiguilledesha.com\/index.php\/wp-json\/wp\/v2\/product\/848"}],"collection":[{"href":"https:\/\/www.laiguilledesha.com\/index.php\/wp-json\/wp\/v2\/product"}],"about":[{"href":"https:\/\/www.laiguilledesha.com\/index.php\/wp-json\/wp\/v2\/types\/product"}],"replies":[{"embeddable":true,"href":"https:\/\/www.laiguilledesha.com\/index.php\/wp-json\/wp\/v2\/comments?post=848"}],"wp:featuredmedia":[{"embeddable":true,"href":"https:\/\/www.laiguilledesha.com\/index.php\/wp-json\/wp\/v2\/media\/849"}],"wp:attachment":[{"href":"https:\/\/www.laiguilledesha.com\/index.php\/wp-json\/wp\/v2\/media?parent=848"}],"wp:term":[{"taxonomy":"product_cat","embeddable":true,"href":"https:\/\/www.laiguilledesha.com\/index.php\/wp-json\/wp\/v2\/product_cat?post=848"},{"taxonomy":"product_tag","embeddable":true,"href":"https:\/\/www.laiguilledesha.com\/index.php\/wp-json\/wp\/v2\/product_tag?post=848"}],"curies":[{"name":"wp","href":"https:\/\/api.w.org\/{rel}","templated":true}]}}