{"id":782,"date":"2021-07-10T11:29:29","date_gmt":"2021-07-10T09:29:29","guid":{"rendered":"http:\/\/www.kio123.vf-web.fr\/?post_type=product&#038;p=782"},"modified":"2021-07-10T11:29:30","modified_gmt":"2021-07-10T09:29:30","slug":"sachet-de-the","status":"publish","type":"product","link":"https:\/\/www.laiguilledesha.com\/index.php\/produit\/sachet-de-the\/","title":{"rendered":"Sachet de th\u00e9"},"content":{"rendered":"<p>Se ferme \u00e0 l&#8217;aide d&#8217;un lien en coton<\/p>\n","protected":false},"excerpt":{"rendered":"<p>Les sachets de th\u00e9 lavables et r\u00e9utilisables, sont adapt\u00e9s au th\u00e9, rooibos et aux plantes s\u00e9ch\u00e9es<\/p>\n","protected":false},"featured_media":785,"comment_status":"open","ping_status":"closed","template":"","meta":[],"product_cat":[21],"product_tag":[],"_links":{"self":[{"href":"https:\/\/www.laiguilledesha.com\/index.php\/wp-json\/wp\/v2\/product\/782"}],"collection":[{"href":"https:\/\/www.laiguilledesha.com\/index.php\/wp-json\/wp\/v2\/product"}],"about":[{"href":"https:\/\/www.laiguilledesha.com\/index.php\/wp-json\/wp\/v2\/types\/product"}],"replies":[{"embeddable":true,"href":"https:\/\/www.laiguilledesha.com\/index.php\/wp-json\/wp\/v2\/comments?post=782"}],"wp:featuredmedia":[{"embeddable":true,"href":"https:\/\/www.laiguilledesha.com\/index.php\/wp-json\/wp\/v2\/media\/785"}],"wp:attachment":[{"href":"https:\/\/www.laiguilledesha.com\/index.php\/wp-json\/wp\/v2\/media?parent=782"}],"wp:term":[{"taxonomy":"product_cat","embeddable":true,"href":"https:\/\/www.laiguilledesha.com\/index.php\/wp-json\/wp\/v2\/product_cat?post=782"},{"taxonomy":"product_tag","embeddable":true,"href":"https:\/\/www.laiguilledesha.com\/index.php\/wp-json\/wp\/v2\/product_tag?post=782"}],"curies":[{"name":"wp","href":"https:\/\/api.w.org\/{rel}","templated":true}]}}