{"id":778,"date":"2021-07-10T11:27:36","date_gmt":"2021-07-10T09:27:36","guid":{"rendered":"http:\/\/www.kio123.vf-web.fr\/?post_type=product&#038;p=778"},"modified":"2021-07-10T11:27:37","modified_gmt":"2021-07-10T09:27:37","slug":"sac-de-congelation","status":"publish","type":"product","link":"https:\/\/www.laiguilledesha.com\/index.php\/produit\/sac-de-congelation\/","title":{"rendered":"Sac de cong\u00e9lation"},"content":{"rendered":"<p>Tu pourras congeler tes fruits, l\u00e9gumes, viandes et pain dans ces sacs. Ils peuvent \u00e9galement \u00eatre utilis\u00e9s pour conserver fruits et l\u00e9gumes dans le r\u00e9frig\u00e9rateur<\/p>\n<p>Pour d\u00e9congeler vos produits ne tirez pas sur les tissus en cas d\u2019adh\u00e9rence mais laisser la d\u00e9cong\u00e9lation se faire d\u00e9licatement \u2744\ufe0f<\/p>\n","protected":false},"excerpt":{"rendered":"<p>Les sacs cong\u00e9lation sont lavable et r\u00e9utilisable, fermeture par double pli gr\u00e2ce aux boutons pressions.<\/p>\n","protected":false},"featured_media":780,"comment_status":"open","ping_status":"closed","template":"","meta":[],"product_cat":[21],"product_tag":[],"_links":{"self":[{"href":"https:\/\/www.laiguilledesha.com\/index.php\/wp-json\/wp\/v2\/product\/778"}],"collection":[{"href":"https:\/\/www.laiguilledesha.com\/index.php\/wp-json\/wp\/v2\/product"}],"about":[{"href":"https:\/\/www.laiguilledesha.com\/index.php\/wp-json\/wp\/v2\/types\/product"}],"replies":[{"embeddable":true,"href":"https:\/\/www.laiguilledesha.com\/index.php\/wp-json\/wp\/v2\/comments?post=778"}],"wp:featuredmedia":[{"embeddable":true,"href":"https:\/\/www.laiguilledesha.com\/index.php\/wp-json\/wp\/v2\/media\/780"}],"wp:attachment":[{"href":"https:\/\/www.laiguilledesha.com\/index.php\/wp-json\/wp\/v2\/media?parent=778"}],"wp:term":[{"taxonomy":"product_cat","embeddable":true,"href":"https:\/\/www.laiguilledesha.com\/index.php\/wp-json\/wp\/v2\/product_cat?post=778"},{"taxonomy":"product_tag","embeddable":true,"href":"https:\/\/www.laiguilledesha.com\/index.php\/wp-json\/wp\/v2\/product_tag?post=778"}],"curies":[{"name":"wp","href":"https:\/\/api.w.org\/{rel}","templated":true}]}}