{"id":773,"date":"2021-07-10T11:22:10","date_gmt":"2021-07-10T09:22:10","guid":{"rendered":"http:\/\/www.kio123.vf-web.fr\/?post_type=product&#038;p=773"},"modified":"2021-07-10T11:24:29","modified_gmt":"2021-07-10T09:24:29","slug":"sac-a-tarte","status":"publish","type":"product","link":"https:\/\/www.laiguilledesha.com\/index.php\/produit\/sac-a-tarte\/","title":{"rendered":"Sac \u00e0 tarte"},"content":{"rendered":"<p>Les sacs sont en coton \u00e9pais certifi\u00e9 oeko-tex doubl\u00e9 de coton uni oeko-tex<\/p>\n","protected":false},"excerpt":{"rendered":"<p>Id\u00e9al pour transporter vos tartes, g\u00e2teaux, quiches pour vos repas de familles ou les pique-niques \ud83e\udd67<\/p>\n","protected":false},"featured_media":774,"comment_status":"open","ping_status":"closed","template":"","meta":[],"product_cat":[21],"product_tag":[],"_links":{"self":[{"href":"https:\/\/www.laiguilledesha.com\/index.php\/wp-json\/wp\/v2\/product\/773"}],"collection":[{"href":"https:\/\/www.laiguilledesha.com\/index.php\/wp-json\/wp\/v2\/product"}],"about":[{"href":"https:\/\/www.laiguilledesha.com\/index.php\/wp-json\/wp\/v2\/types\/product"}],"replies":[{"embeddable":true,"href":"https:\/\/www.laiguilledesha.com\/index.php\/wp-json\/wp\/v2\/comments?post=773"}],"wp:featuredmedia":[{"embeddable":true,"href":"https:\/\/www.laiguilledesha.com\/index.php\/wp-json\/wp\/v2\/media\/774"}],"wp:attachment":[{"href":"https:\/\/www.laiguilledesha.com\/index.php\/wp-json\/wp\/v2\/media?parent=773"}],"wp:term":[{"taxonomy":"product_cat","embeddable":true,"href":"https:\/\/www.laiguilledesha.com\/index.php\/wp-json\/wp\/v2\/product_cat?post=773"},{"taxonomy":"product_tag","embeddable":true,"href":"https:\/\/www.laiguilledesha.com\/index.php\/wp-json\/wp\/v2\/product_tag?post=773"}],"curies":[{"name":"wp","href":"https:\/\/api.w.org\/{rel}","templated":true}]}}