{"id":765,"date":"2021-07-10T11:17:56","date_gmt":"2021-07-10T09:17:56","guid":{"rendered":"http:\/\/www.kio123.vf-web.fr\/?post_type=product&#038;p=765"},"modified":"2021-07-10T11:17:56","modified_gmt":"2021-07-10T09:17:56","slug":"filtre-a-cafe","status":"publish","type":"product","link":"https:\/\/www.laiguilledesha.com\/index.php\/produit\/filtre-a-cafe\/","title":{"rendered":"Filtre \u00e0 caf\u00e9"},"content":{"rendered":"<p>Les filtres \u00e0 caf\u00e9 sont en lin biologique certifi\u00e9 GOTS lavable et r\u00e9utilisable<\/p>\n","protected":false},"excerpt":{"rendered":"<p>Une alternative aux filtres \u00e0 caf\u00e9 jetable<\/p>\n","protected":false},"featured_media":768,"comment_status":"open","ping_status":"closed","template":"","meta":[],"product_cat":[21],"product_tag":[],"_links":{"self":[{"href":"https:\/\/www.laiguilledesha.com\/index.php\/wp-json\/wp\/v2\/product\/765"}],"collection":[{"href":"https:\/\/www.laiguilledesha.com\/index.php\/wp-json\/wp\/v2\/product"}],"about":[{"href":"https:\/\/www.laiguilledesha.com\/index.php\/wp-json\/wp\/v2\/types\/product"}],"replies":[{"embeddable":true,"href":"https:\/\/www.laiguilledesha.com\/index.php\/wp-json\/wp\/v2\/comments?post=765"}],"wp:featuredmedia":[{"embeddable":true,"href":"https:\/\/www.laiguilledesha.com\/index.php\/wp-json\/wp\/v2\/media\/768"}],"wp:attachment":[{"href":"https:\/\/www.laiguilledesha.com\/index.php\/wp-json\/wp\/v2\/media?parent=765"}],"wp:term":[{"taxonomy":"product_cat","embeddable":true,"href":"https:\/\/www.laiguilledesha.com\/index.php\/wp-json\/wp\/v2\/product_cat?post=765"},{"taxonomy":"product_tag","embeddable":true,"href":"https:\/\/www.laiguilledesha.com\/index.php\/wp-json\/wp\/v2\/product_tag?post=765"}],"curies":[{"name":"wp","href":"https:\/\/api.w.org\/{rel}","templated":true}]}}