{"id":757,"date":"2021-07-10T11:16:01","date_gmt":"2021-07-10T09:16:01","guid":{"rendered":"http:\/\/www.kio123.vf-web.fr\/?post_type=product&#038;p=757"},"modified":"2021-07-10T11:16:01","modified_gmt":"2021-07-10T09:16:01","slug":"etui-couverts","status":"publish","type":"product","link":"https:\/\/www.laiguilledesha.com\/index.php\/produit\/etui-couverts\/","title":{"rendered":"\u00c9tui couverts"},"content":{"rendered":"<p>L&#8217;\u00e9tui \u00e0 couverts est lavable et r\u00e9utilisable. Il est compos\u00e9 d&#8217;une serviette en tissu assortie, et 4 compartiments pour y ranger tes couverts.<\/p>\n<p>Fermeture par un n\u0153ud gr\u00e2ce aux cordons<\/p>\n","protected":false},"excerpt":{"rendered":"<p>L&#8217;\u00e9tui te servira lors de repas en dehors de la maison, en randonn\u00e9e, au travail, en pique-nique etc&#8230;<\/p>\n","protected":false},"featured_media":760,"comment_status":"open","ping_status":"closed","template":"","meta":[],"product_cat":[21],"product_tag":[],"_links":{"self":[{"href":"https:\/\/www.laiguilledesha.com\/index.php\/wp-json\/wp\/v2\/product\/757"}],"collection":[{"href":"https:\/\/www.laiguilledesha.com\/index.php\/wp-json\/wp\/v2\/product"}],"about":[{"href":"https:\/\/www.laiguilledesha.com\/index.php\/wp-json\/wp\/v2\/types\/product"}],"replies":[{"embeddable":true,"href":"https:\/\/www.laiguilledesha.com\/index.php\/wp-json\/wp\/v2\/comments?post=757"}],"wp:featuredmedia":[{"embeddable":true,"href":"https:\/\/www.laiguilledesha.com\/index.php\/wp-json\/wp\/v2\/media\/760"}],"wp:attachment":[{"href":"https:\/\/www.laiguilledesha.com\/index.php\/wp-json\/wp\/v2\/media?parent=757"}],"wp:term":[{"taxonomy":"product_cat","embeddable":true,"href":"https:\/\/www.laiguilledesha.com\/index.php\/wp-json\/wp\/v2\/product_cat?post=757"},{"taxonomy":"product_tag","embeddable":true,"href":"https:\/\/www.laiguilledesha.com\/index.php\/wp-json\/wp\/v2\/product_tag?post=757"}],"curies":[{"name":"wp","href":"https:\/\/api.w.org\/{rel}","templated":true}]}}