{"id":737,"date":"2021-07-10T11:08:42","date_gmt":"2021-07-10T09:08:42","guid":{"rendered":"http:\/\/www.kio123.vf-web.fr\/?post_type=product&#038;p=737"},"modified":"2021-07-10T11:09:14","modified_gmt":"2021-07-10T09:09:14","slug":"eponges","status":"publish","type":"product","link":"https:\/\/www.laiguilledesha.com\/index.php\/produit\/eponges\/","title":{"rendered":"\u00c9ponges"},"content":{"rendered":"<div>\n<p>Pour en finir avec les \u00e9ponges jetables du commerce qui polluent la plan\u00e8te<\/p>\n<\/div>\n<div>Une face grattante en coton imprim\u00e9 et filet polyester (possibilit\u00e9 d&#8217;en faire avec du filet de coton)\u00a0et un face \u00e9ponge nid d\u2019abeille<\/div>\n<div>Rembourrage en fibre v\u00e9g\u00e9tale de kapok (fibre imputrescible)<\/div>\n","protected":false},"excerpt":{"rendered":"<p>Peuvent \u00eatre utilis\u00e9es pour la vaisselle, le m\u00e9nage etc&#8230; \ud83e\uddfd<\/p>\n","protected":false},"featured_media":739,"comment_status":"open","ping_status":"closed","template":"","meta":[],"product_cat":[21],"product_tag":[],"_links":{"self":[{"href":"https:\/\/www.laiguilledesha.com\/index.php\/wp-json\/wp\/v2\/product\/737"}],"collection":[{"href":"https:\/\/www.laiguilledesha.com\/index.php\/wp-json\/wp\/v2\/product"}],"about":[{"href":"https:\/\/www.laiguilledesha.com\/index.php\/wp-json\/wp\/v2\/types\/product"}],"replies":[{"embeddable":true,"href":"https:\/\/www.laiguilledesha.com\/index.php\/wp-json\/wp\/v2\/comments?post=737"}],"wp:featuredmedia":[{"embeddable":true,"href":"https:\/\/www.laiguilledesha.com\/index.php\/wp-json\/wp\/v2\/media\/739"}],"wp:attachment":[{"href":"https:\/\/www.laiguilledesha.com\/index.php\/wp-json\/wp\/v2\/media?parent=737"}],"wp:term":[{"taxonomy":"product_cat","embeddable":true,"href":"https:\/\/www.laiguilledesha.com\/index.php\/wp-json\/wp\/v2\/product_cat?post=737"},{"taxonomy":"product_tag","embeddable":true,"href":"https:\/\/www.laiguilledesha.com\/index.php\/wp-json\/wp\/v2\/product_tag?post=737"}],"curies":[{"name":"wp","href":"https:\/\/api.w.org\/{rel}","templated":true}]}}