{"id":650,"date":"2021-07-10T10:44:22","date_gmt":"2021-07-10T08:44:22","guid":{"rendered":"http:\/\/www.kio123.vf-web.fr\/?post_type=product&#038;p=650"},"modified":"2021-07-10T10:45:20","modified_gmt":"2021-07-10T08:45:20","slug":"marque-pages","status":"publish","type":"product","link":"https:\/\/www.laiguilledesha.com\/index.php\/produit\/marque-pages\/","title":{"rendered":"Marque-pages"},"content":{"rendered":"<p>Les marques pages mesurent 8x8cm et sont tous unique gr\u00e2ce au motif qui ne seront jamais plac\u00e9 de la m\u00eame fa\u00e7on<\/p>\n","protected":false},"excerpt":{"rendered":"<p>Une id\u00e9e cadeau sympa et originale pour les amoureux de lecture\ud83c\udf37<\/p>\n","protected":false},"featured_media":651,"comment_status":"open","ping_status":"closed","template":"","meta":[],"product_cat":[20],"product_tag":[],"_links":{"self":[{"href":"https:\/\/www.laiguilledesha.com\/index.php\/wp-json\/wp\/v2\/product\/650"}],"collection":[{"href":"https:\/\/www.laiguilledesha.com\/index.php\/wp-json\/wp\/v2\/product"}],"about":[{"href":"https:\/\/www.laiguilledesha.com\/index.php\/wp-json\/wp\/v2\/types\/product"}],"replies":[{"embeddable":true,"href":"https:\/\/www.laiguilledesha.com\/index.php\/wp-json\/wp\/v2\/comments?post=650"}],"wp:featuredmedia":[{"embeddable":true,"href":"https:\/\/www.laiguilledesha.com\/index.php\/wp-json\/wp\/v2\/media\/651"}],"wp:attachment":[{"href":"https:\/\/www.laiguilledesha.com\/index.php\/wp-json\/wp\/v2\/media?parent=650"}],"wp:term":[{"taxonomy":"product_cat","embeddable":true,"href":"https:\/\/www.laiguilledesha.com\/index.php\/wp-json\/wp\/v2\/product_cat?post=650"},{"taxonomy":"product_tag","embeddable":true,"href":"https:\/\/www.laiguilledesha.com\/index.php\/wp-json\/wp\/v2\/product_tag?post=650"}],"curies":[{"name":"wp","href":"https:\/\/api.w.org\/{rel}","templated":true}]}}