{"id":613,"date":"2021-06-26T09:50:32","date_gmt":"2021-06-26T07:50:32","guid":{"rendered":"http:\/\/www.kio123.vf-web.fr\/?post_type=product&#038;p=613"},"modified":"2021-06-26T10:09:17","modified_gmt":"2021-06-26T08:09:17","slug":"calot-de-bloc","status":"publish","type":"product","link":"https:\/\/www.laiguilledesha.com\/index.php\/produit\/calot-de-bloc\/","title":{"rendered":"Calot de bloc"},"content":{"rendered":"<p>Se noue au niveau de la nuque gr\u00e2ce aux liens. Ourlet assez large sur le devant qui peut \u00eatre retourn\u00e9 si besoin pour un meilleur maintien<\/p>\n","protected":false},"excerpt":{"rendered":"<p>Utile aux infirmier(es), chirurgien(nes), savonni\u00e8res(res), etc \ud83d\ude01<\/p>\n","protected":false},"featured_media":614,"comment_status":"open","ping_status":"closed","template":"","meta":[],"product_cat":[20],"product_tag":[],"_links":{"self":[{"href":"https:\/\/www.laiguilledesha.com\/index.php\/wp-json\/wp\/v2\/product\/613"}],"collection":[{"href":"https:\/\/www.laiguilledesha.com\/index.php\/wp-json\/wp\/v2\/product"}],"about":[{"href":"https:\/\/www.laiguilledesha.com\/index.php\/wp-json\/wp\/v2\/types\/product"}],"replies":[{"embeddable":true,"href":"https:\/\/www.laiguilledesha.com\/index.php\/wp-json\/wp\/v2\/comments?post=613"}],"wp:featuredmedia":[{"embeddable":true,"href":"https:\/\/www.laiguilledesha.com\/index.php\/wp-json\/wp\/v2\/media\/614"}],"wp:attachment":[{"href":"https:\/\/www.laiguilledesha.com\/index.php\/wp-json\/wp\/v2\/media?parent=613"}],"wp:term":[{"taxonomy":"product_cat","embeddable":true,"href":"https:\/\/www.laiguilledesha.com\/index.php\/wp-json\/wp\/v2\/product_cat?post=613"},{"taxonomy":"product_tag","embeddable":true,"href":"https:\/\/www.laiguilledesha.com\/index.php\/wp-json\/wp\/v2\/product_tag?post=613"}],"curies":[{"name":"wp","href":"https:\/\/api.w.org\/{rel}","templated":true}]}}