{"id":424,"date":"2021-06-19T08:54:57","date_gmt":"2021-06-19T06:54:57","guid":{"rendered":"http:\/\/www.kio123.vf-web.fr\/?post_type=product&#038;p=424"},"modified":"2021-07-10T10:05:00","modified_gmt":"2021-07-10T08:05:00","slug":"bandeau-a-nouer","status":"publish","type":"product","link":"https:\/\/www.laiguilledesha.com\/index.php\/produit\/bandeau-a-nouer\/","title":{"rendered":"Bandeau \u00e0 nouer"},"content":{"rendered":"<p>Ils se nouent tr\u00e8s facilement autour de la t\u00eate sans pour autant g\u00eaner ou glisser, la mati\u00e8re est l\u00e9g\u00e8rement \u00e9lastique donc parfaite pour ce genre d&#8217;accessoires \ud83d\ude0d<\/p>\n","protected":false},"excerpt":{"rendered":"<p>Pour agr\u00e9menter vos tenues ces bandeaux seront l\u2019accessoire id\u00e9al<\/p>\n","protected":false},"featured_media":564,"comment_status":"open","ping_status":"closed","template":"","meta":[],"product_cat":[20],"product_tag":[],"_links":{"self":[{"href":"https:\/\/www.laiguilledesha.com\/index.php\/wp-json\/wp\/v2\/product\/424"}],"collection":[{"href":"https:\/\/www.laiguilledesha.com\/index.php\/wp-json\/wp\/v2\/product"}],"about":[{"href":"https:\/\/www.laiguilledesha.com\/index.php\/wp-json\/wp\/v2\/types\/product"}],"replies":[{"embeddable":true,"href":"https:\/\/www.laiguilledesha.com\/index.php\/wp-json\/wp\/v2\/comments?post=424"}],"wp:featuredmedia":[{"embeddable":true,"href":"https:\/\/www.laiguilledesha.com\/index.php\/wp-json\/wp\/v2\/media\/564"}],"wp:attachment":[{"href":"https:\/\/www.laiguilledesha.com\/index.php\/wp-json\/wp\/v2\/media?parent=424"}],"wp:term":[{"taxonomy":"product_cat","embeddable":true,"href":"https:\/\/www.laiguilledesha.com\/index.php\/wp-json\/wp\/v2\/product_cat?post=424"},{"taxonomy":"product_tag","embeddable":true,"href":"https:\/\/www.laiguilledesha.com\/index.php\/wp-json\/wp\/v2\/product_tag?post=424"}],"curies":[{"name":"wp","href":"https:\/\/api.w.org\/{rel}","templated":true}]}}