{"id":234,"date":"2021-06-18T12:30:09","date_gmt":"2021-06-18T10:30:09","guid":{"rendered":"http:\/\/www.kio123.vf-web.fr\/?page_id=234"},"modified":"2021-06-18T12:31:22","modified_gmt":"2021-06-18T10:31:22","slug":"politique-de-retour","status":"publish","type":"page","link":"https:\/\/www.laiguilledesha.com\/index.php\/politique-de-retour\/","title":{"rendered":"Politique de retour"},"content":{"rendered":"\t\t<div data-elementor-type=\"wp-page\" data-elementor-id=\"234\" class=\"elementor elementor-234\" data-elementor-settings=\"[]\">\n\t\t\t\t\t\t\t<div class=\"elementor-section-wrap\">\n\t\t\t\t\t\t\t<section class=\"elementor-section elementor-top-section elementor-element elementor-element-804e849 elementor-section-boxed elementor-section-height-default elementor-section-height-default\" data-id=\"804e849\" data-element_type=\"section\">\n\t\t\t\t\t\t<div class=\"elementor-container elementor-column-gap-default\">\n\t\t\t\t\t<div class=\"elementor-column elementor-col-100 elementor-top-column elementor-element elementor-element-2a5ee12\" data-id=\"2a5ee12\" data-element_type=\"column\">\n\t\t\t<div class=\"elementor-widget-wrap\">\n\t\t\t\t\t\t\t\t\t<\/div>\n\t\t<\/div>\n\t\t\t\t\t\t\t<\/div>\n\t\t<\/section>\n\t\t\t\t<section class=\"elementor-section elementor-top-section elementor-element elementor-element-18506a7 elementor-section-boxed elementor-section-height-default elementor-section-height-default\" data-id=\"18506a7\" data-element_type=\"section\">\n\t\t\t\t\t\t<div class=\"elementor-container elementor-column-gap-default\">\n\t\t\t\t\t<div class=\"elementor-column elementor-col-100 elementor-top-column elementor-element elementor-element-78fa061\" data-id=\"78fa061\" data-element_type=\"column\">\n\t\t\t<div class=\"elementor-widget-wrap elementor-element-populated\">\n\t\t\t\t\t\t\t\t<div class=\"elementor-element elementor-element-20521de elementor-widget elementor-widget-heading\" data-id=\"20521de\" data-element_type=\"widget\" data-widget_type=\"heading.default\">\n\t\t\t\t<div class=\"elementor-widget-container\">\n\t\t\t<h1 class=\"elementor-heading-title elementor-size-default\">Politique de retour<\/h1>\t\t<\/div>\n\t\t\t\t<\/div>\n\t\t\t\t<div class=\"elementor-element elementor-element-d5f81ce elementor-widget elementor-widget-text-editor\" data-id=\"d5f81ce\" data-element_type=\"widget\" data-widget_type=\"text-editor.default\">\n\t\t\t\t<div class=\"elementor-widget-container\">\n\t\t\t\t\t\t\t<div class=\"rte\"><p>RETOURS<\/p><p>\u00a0<\/p><p>&#8212;-<\/p><p>\u00a0<\/p><p>Notre politique dure 14 jours. Si 14 jours se sont \u00e9coul\u00e9s depuis votre achat, nous ne pouvons malheureusement pas vous offrir un remboursement ou un \u00e9change.<\/p><p>\u00a0<\/p><p>Pour pouvoir b\u00e9n\u00e9ficier d\u2019un retour, votre article doit \u00eatre inutilis\u00e9 et dans le m\u00eame \u00e9tat o\u00f9 vous l\u2019avez re\u00e7u. Il doit \u00eatre \u00e9galement dans l\u2019emballage d\u2019origine.<\/p><p>\u00a0<\/p><p>Plusieurs types de produits ne peuvent pas \u00eatre retourn\u00e9s. Les produits personnalis\u00e9s, fait sur mesure.<\/p><p>\u00a0<\/p><p>Pour effectuer un retour, vous devez nous pr\u00e9senter un re\u00e7u ou une preuve d\u2019achat.<\/p><p>\u00a0<\/p><p>Remboursements (le cas \u00e9ch\u00e9ant)<\/p><p>Une fois que nous aurons re\u00e7u et inspect\u00e9 l\u2019article retourn\u00e9, nous vous enverrons un e-mail pour vous confirmer que nous l\u2019avons bien re\u00e7u. Nous vous informerons \u00e9galement de notre d\u00e9cision quant \u00e0 l\u2019approbation ou au rejet de votre demande de remboursement.<\/p><p>Si votre demande est approuv\u00e9e, alors votre remboursement sera trait\u00e9, et un cr\u00e9dit sera automatiquement appliqu\u00e9 \u00e0 votre carte de cr\u00e9dit ou \u00e0 votre m\u00e9thode originale de paiement, dans un d\u00e9lai d\u2019un certain nombre de jours.<\/p><p>\u00a0<\/p><p>Remboursements en retard ou manquants (le cas \u00e9ch\u00e9ant)<\/p><p>Si vous n\u2019avez pas encore re\u00e7u votre remboursement, veuillez d\u2019abord consulter votre compte bancaire \u00e0 nouveau.<\/p><p>Ensuite, contactez l\u2019entit\u00e9 \u00e9mettrice de votre carte de cr\u00e9dit, car il pourrait y avoir un d\u00e9lai avant que votre remboursement ne soit officiellement affich\u00e9.<\/p><p>Ensuite, contactez votre banque. Il y a souvent un d\u00e9lai de traitement n\u00e9cessaire avant qu\u2019un remboursement ne soit affich\u00e9.<\/p><p>Si apr\u00e8s avoir effectu\u00e9 toutes ces \u00e9tapes, vous n\u2019avez toujours pas re\u00e7u votre remboursement, veuillez s\u2019il vous plait nous contacter \u00e0 sav.laiguilledesha@gmail.com.<\/p><p>\u00a0<\/p><p>Articles sold\u00e9s (le cas \u00e9ch\u00e9ant)<\/p><p>Seuls les articles \u00e0 prix courant peuvent \u00eatre rembours\u00e9s. Malheureusement, les articles sold\u00e9s ne sont pas remboursables.<\/p><p>\u00a0<\/p><p>\u00c9changes (le cas \u00e9ch\u00e9ant)<\/p><p>Nous rempla\u00e7ons un article seulement s\u2019il est d\u00e9fectueux ou endommag\u00e9. Si dans ce cas vous souhaitez l\u2019\u00e9changer contre le m\u00eame article, envoyez-nous un e-mail \u00e0 sav.laiguilledesha@gmail.com et envoyez-nous votre article \u00e0 : 50 rue paul demouy, 60530 Neuilly-en-thelle, France.<\/p><p>\u00a0<\/p><p>Cadeaux<\/p><p>Si l\u2019article retourn\u00e9 \u00e9tait identifi\u00e9 comme un cadeau lors de l\u2019achat et s\u2019il vous a \u00e9t\u00e9 envoy\u00e9 directement, vous recevrez un cr\u00e9dit-cadeau d\u2019une valeur \u00e9gale \u00e0 celle de votre retour. Une fois que nous aurons re\u00e7u l\u2019article retourn\u00e9, un ch\u00e8que-cadeau vous sera envoy\u00e9 par courrier.<\/p><p>\u00a0<\/p><p>Si l\u2019article n\u2019a pas \u00e9t\u00e9 identifi\u00e9 comme un cadeau lors de l\u2019achat, ou si le donateur du cadeau a pr\u00e9f\u00e9r\u00e9 recevoir d\u2019abord l\u2019article pour vous l\u2019offrir plus tard, nous enverrons un remboursement au donateur du cadeau et il saura que vous avez retourn\u00e9 l\u2019article.<\/p><p>\u00a0<\/p><p>Exp\u00e9dition<\/p><p>Pour retourner un produit, vous devez l\u2019envoyer par la poste \u00e0: L\u2019aiguille de Sha, 50 rue paul demouy, 60530 Neuilly-en-thelle, France.<\/p><p>\u00a0<\/p><p>Il vous incombera de payer vos propres frais d\u2019exp\u00e9dition pour retourner votre article. Les co\u00fbts d\u2019exp\u00e9dition ne sont pas remboursables. Si vous recevez un remboursement, les frais de retour seront d\u00e9duits de celui-ci.<\/p><p>\u00a0<\/p><p>En fonction de l\u2019endroit o\u00f9 vous vivez, le d\u00e9lai n\u00e9cessaire pour recevoir votre produit \u00e9chang\u00e9 peut varier.<\/p><p>\u00a0<\/p><p>Envisager d\u2019utiliser un service de livraison qui vous permet de suivre l\u2019envoi ou de souscrire \u00e0 une assurance de livraison. Nous ne garantissons pas que nous recevrons l\u2019article que vous nous retournez.<\/p><\/div>\t\t\t\t\t\t<\/div>\n\t\t\t\t<\/div>\n\t\t\t\t\t<\/div>\n\t\t<\/div>\n\t\t\t\t\t\t\t<\/div>\n\t\t<\/section>\n\t\t\t\t\t\t<\/div>\n\t\t\t\t\t<\/div>\n\t\t","protected":false},"excerpt":{"rendered":"<p>Politique de retour RETOURS \u00a0 &#8212;- \u00a0 Notre politique dure 14 jours. Si 14 jours se sont \u00e9coul\u00e9s depuis votre achat, nous ne pouvons malheureusement pas vous offrir un remboursement ou un \u00e9change. \u00a0 Pour pouvoir b\u00e9n\u00e9ficier d\u2019un retour, votre article doit \u00eatre inutilis\u00e9 et dans le m\u00eame \u00e9tat o\u00f9 vous l\u2019avez re\u00e7u. Il doit [&hellip;]<\/p>\n","protected":false},"author":1,"featured_media":0,"parent":0,"menu_order":0,"comment_status":"closed","ping_status":"closed","template":"","meta":[],"_links":{"self":[{"href":"https:\/\/www.laiguilledesha.com\/index.php\/wp-json\/wp\/v2\/pages\/234"}],"collection":[{"href":"https:\/\/www.laiguilledesha.com\/index.php\/wp-json\/wp\/v2\/pages"}],"about":[{"href":"https:\/\/www.laiguilledesha.com\/index.php\/wp-json\/wp\/v2\/types\/page"}],"author":[{"embeddable":true,"href":"https:\/\/www.laiguilledesha.com\/index.php\/wp-json\/wp\/v2\/users\/1"}],"replies":[{"embeddable":true,"href":"https:\/\/www.laiguilledesha.com\/index.php\/wp-json\/wp\/v2\/comments?post=234"}],"version-history":[{"count":4,"href":"https:\/\/www.laiguilledesha.com\/index.php\/wp-json\/wp\/v2\/pages\/234\/revisions"}],"predecessor-version":[{"id":238,"href":"https:\/\/www.laiguilledesha.com\/index.php\/wp-json\/wp\/v2\/pages\/234\/revisions\/238"}],"wp:attachment":[{"href":"https:\/\/www.laiguilledesha.com\/index.php\/wp-json\/wp\/v2\/media?parent=234"}],"curies":[{"name":"wp","href":"https:\/\/api.w.org\/{rel}","templated":true}]}}